{"id":563,"date":"2024-04-08T11:19:14","date_gmt":"2024-04-08T11:19:14","guid":{"rendered":"https:\/\/ardorfest.com\/exhibitor-registration"},"modified":"2024-04-30T08:34:42","modified_gmt":"2024-04-30T08:34:42","slug":"exhibitor-registration","status":"publish","type":"page","link":"https:\/\/ardorfest.com\/en\/exhibitor-registration","title":{"rendered":"Exhibitor registration"},"content":{"rendered":"\n<p>Are you interested in participating as an exhibitor at Ardor Fest (June 8 and 9, in San Sebastian)? Fill in the following form and confirm your registration. Subsequently, you will receive an email with information about the next steps and confirmation of your registration.<\/p>\n\n<!-- Begin Brevo Form -->\n<!-- START - We recommend to place the below code in head tag of your website html -->\n<style>\n  @font-face {\n    font-display: block;\n    font-family: Roboto;\n    src: url(https:\/\/assets.brevo.com\/font\/Roboto\/Latin\/normal\/normal\/7529907e9eaf8ebb5220c5f9850e3811.woff2) format(\"woff2\"), url(https:\/\/assets.brevo.com\/font\/Roboto\/Latin\/normal\/normal\/25c678feafdc175a70922a116c9be3e7.woff) format(\"woff\")\n  }\n\n  @font-face {\n    font-display: fallback;\n    font-family: Roboto;\n    font-weight: 600;\n    src: url(https:\/\/assets.brevo.com\/font\/Roboto\/Latin\/medium\/normal\/6e9caeeafb1f3491be3e32744bc30440.woff2) format(\"woff2\"), url(https:\/\/assets.brevo.com\/font\/Roboto\/Latin\/medium\/normal\/71501f0d8d5aa95960f6475d5487d4c2.woff) format(\"woff\")\n  }\n\n  @font-face {\n    font-display: fallback;\n    font-family: Roboto;\n    font-weight: 700;\n    src: url(https:\/\/assets.brevo.com\/font\/Roboto\/Latin\/bold\/normal\/3ef7cf158f310cf752d5ad08cd0e7e60.woff2) format(\"woff2\"), url(https:\/\/assets.brevo.com\/font\/Roboto\/Latin\/bold\/normal\/ece3a1d82f18b60bcce0211725c476aa.woff) format(\"woff\")\n  }\n\n  #sib-container input:-ms-input-placeholder {\n    text-align: left;\n    font-family: \"Helvetica\", sans-serif;\n    color: #c0ccda;\n  }\n\n  #sib-container input::placeholder {\n    text-align: left;\n    font-family: \"Helvetica\", sans-serif;\n    color: #c0ccda;\n  }\n\n  #sib-container textarea::placeholder {\n    text-align: left;\n    font-family: \"Helvetica\", sans-serif;\n    color: #c0ccda;\n  }\n\n  #sib-container a {\n    text-decoration: underline;\n    color: #2BB2FC;\n  }\n<\/style>\n<link rel=\"stylesheet\" href=\"https:\/\/sibforms.com\/forms\/end-form\/build\/sib-styles.css\"\/>\n<!-- END - We recommend to place the above code in head tag of your website html -->\n\n<!-- START - We recommend to place the below code where you want the form in your website html -->\n<div class=\"sib-form\" style=\"text-align: center; background-color: #EFF2F7;  \">\n  <div id=\"sib-form-container\" class=\"sib-form-container\">\n    <div id=\"error-message\" class=\"sib-form-message-panel\" style=\"font-size:16px; text-align:left; font-family:\" helvetica=\"\" sans-serif=\"\" color:=\"\" background-color:=\"\" border-radius:3px=\"\" border-color:=\"\">\n      <div class=\"sib-form-message-panel__text sib-form-message-panel__text--center\">\n        <svg viewbox=\"0 0 512 512\" class=\"sib-icon sib-notification__icon\">\n          <path d=\"M256 40c118.621 0 216 96.075 216 216 0 119.291-96.61 216-216 216-119.244 0-216-96.562-216-216 0-119.203 96.602-216 216-216m0-32C119.043 8 8 119.083 8 256c0 136.997 111.043 248 248 248s248-111.003 248-248C504 119.083 392.957 8 256 8zm-11.49 120h22.979c6.823 0 12.274 5.682 11.99 12.5l-7 168c-.268 6.428-5.556 11.5-11.99 11.5h-8.979c-6.433 0-11.722-5.073-11.99-11.5l-7-168c-.283-6.818 5.167-12.5 11.99-12.5zM256 340c-15.464 0-28 12.536-28 28s12.536 28 28 28 28-12.536 28-28-12.536-28-28-28z\"><\/path>\n        <\/svg>\n        <span class=\"sib-form-message-panel__inner-text\">\n  We have not been able to validate your subscription.\n                      <\/span>\n      <\/div>\n    <\/div>\n    <div><\/div>\n    <div id=\"success-message\" class=\"sib-form-message-panel\" style=\"font-size:16px; text-align:left; font-family:\" helvetica=\"\" sans-serif=\"\" color:=\"\" background-color:=\"\" border-radius:3px=\"\" border-color:=\"\">\n      <div class=\"sib-form-message-panel__text sib-form-message-panel__text--center\">\n        <svg viewbox=\"0 0 512 512\" class=\"sib-icon sib-notification__icon\">\n          <path d=\"M256 8C119.033 8 8 119.033 8 256s111.033 248 248 248 248-111.033 248-248S392.967 8 256 8zm0 464c-118.664 0-216-96.055-216-216 0-118.663 96.055-216 216-216 118.664 0 216 96.055 216 216 0 118.663-96.055 216-216 216zm141.63-274.961L217.15 376.071c-4.705 4.667-12.303 4.637-16.97-.068l-85.878-86.572c-4.667-4.705-4.637-12.303.068-16.97l8.52-8.451c4.705-4.667 12.303-4.637 16.97.068l68.976 69.533 163.441-162.13c4.705-4.667 12.303-4.637 16.97.068l8.451 8.52c4.668 4.705 4.637 12.303-.068 16.97z\"><\/path>\n        <\/svg>\n        <span class=\"sib-form-message-panel__inner-text\">\n  Your subscription has been completed.\n                      <\/span>\n      <\/div>\n    <\/div>\n    <div><\/div>\n    <div id=\"sib-container\" class=\"sib-container--large sib-container--vertical\" style=\"text-align:center; background-color:rgba(255,255,255,1); max-width:540px; border-radius:3px; border-width:1px; border-color:#C0CCD9; border-style:solid; direction:ltr\">\n      <form id=\"sib-form\" method=\"POST\" action=\"https:\/\/9b1eca3a.sibforms.com\/serve\/MUIFAAjwoOYcTY2W5B4SMCIaOSTND9rFidLtRlwTNiEwgDBYS-gEoLfcqf3j7WiwJqPlXHArn5deRE6kbY-cuxd7vQkPjMUh_rw51hmdt898bJEY94kKGledCj1qZ4tb8jp78yv4Maonl3AbmKYVWgYTJIVzLN-V04ACU1qWZ7WWG98IeyHmOFDft5bW6YSkM9Ldr8Zp6NRET1AV\" data-type=\"subscription\">\n        <div style=\"padding: 8px 0;\">\n          <div class=\"sib-form-block\" style=\"font-size:32px; text-align:left; font-weight:700; font-family:\" helvetica=\"\" sans-serif=\"\" color:=\"\" background-color:transparent=\"\" text-align:left=\"\">\n            <p>Exhibitor registration<\/p>\n          <\/div>\n        <\/div>\n        <div style=\"padding: 8px 0;\">\n          <div class=\"sib-form-block\" style=\"font-size:16px; text-align:left; font-family:\" helvetica=\"\" sans-serif=\"\" color:=\"\" background-color:transparent=\"\" text-align:left=\"\">\n            <div class=\"sib-text-form-block\">\n              <p>For the Ardor Fest June 8th and 9th, in San Sebastian\/Donostia (Basque Country). Enter your personal data and wait for the confirmation e-mail you will receive a few minutes later. This way we can confirm that the e-mail is correct and complete your registration.<\/p>\n            <\/div>\n          <\/div>\n        <\/div>\n        <div style=\"padding: 8px 0;\">\n          <div class=\"sib-input sib-form-block\">\n            <div class=\"form__entry entry_block\">\n              <div class=\"form__label-row \">\n                <label class=\"entry__label\" style=\"font-weight: 700; text-align:left; font-size:16px; text-align:left; font-weight:700; font-family:\" helvetica=\"\" sans-serif=\"\" color:=\"\" for=\"EMAIL\" data-required=\"*\">E-mail<\/label>\n\n                <div class=\"entry__field\">\n                  <input class=\"input \" type=\"text\" id=\"EMAIL\" name=\"EMAIL\" autocomplete=\"off\" placeholder=\"EMAIL\" data-required=\"true\" required=\"\"\/>\n                <\/div>\n              <\/div>\n\n              <label class=\"entry__error entry__error--primary\" style=\"font-size:16px; text-align:left; font-family:\" helvetica=\"\" sans-serif=\"\" color:=\"\" background-color:=\"\" border-radius:3px=\"\" border-color:=\"\">\n              <\/label>\n              <label class=\"entry__specification\" style=\"font-size:12px; text-align:left; font-family:\" helvetica=\"\" sans-serif=\"\" color:=\"\" text-align:left=\"\">\n  Enter your e-mail address to subscribe. E.g.: abc@xyz.com\n              <\/label>\n            <\/div>\n          <\/div>\n        <\/div>\n        <div style=\"padding: 8px 0;\">\n          <div class=\"sib-optin sib-form-block\">\n            <div class=\"form__entry entry_mcq\">\n              <div class=\"form__label-row \">\n                <div class=\"entry__choice\" style=\"\">\n                  <label>\n                    <input type=\"checkbox\" class=\"input_replaced\" value=\"1\" id=\"OPT_IN\" name=\"OPT_IN\"\/>\n                    <span class=\"checkbox checkbox_tick_positive\" style=\"margin-left:\"><\/span><span style=\"font-size:14px; text-align:left; font-family:\" helvetica=\"\" sans-serif=\"\" color:=\"\" background-color:transparent=\"\"><p><strong>I accept the <\/strong><a href=\"https:\/\/ardorfest.com\/en\/data-protection\">privacy policy<\/a><\/p><\/span> <\/label>\n                <\/div>\n              <\/div>\n              <label class=\"entry__error entry__error--primary\" style=\"font-size:16px; text-align:left; font-family:\" helvetica=\"\" sans-serif=\"\" color:=\"\" background-color:=\"\" border-radius:3px=\"\" border-color:=\"\">\n              <\/label>\n            <\/div>\n          <\/div>\n        <\/div>\n        <div style=\"padding: 8px 0;\">\n          <div class=\"sib-form-block\" style=\"text-align: left\">\n            <button class=\"sib-form-block__button sib-form-block__button-with-loader\" style=\"font-size:16px; text-align:left; font-weight:700; font-family:\" helvetica=\"\" sans-serif=\"\" color:=\"\" background-color:=\"\" border-radius:3px=\"\" border-width:0px=\"\" form=\"sib-form\" type=\"submit\">\n              <svg class=\"icon clickable__icon progress-indicator__icon sib-hide-loader-icon\" viewbox=\"0 0 512 512\">\n                <path d=\"M460.116 373.846l-20.823-12.022c-5.541-3.199-7.54-10.159-4.663-15.874 30.137-59.886 28.343-131.652-5.386-189.946-33.641-58.394-94.896-95.833-161.827-99.676C261.028 55.961 256 50.751 256 44.352V20.309c0-6.904 5.808-12.337 12.703-11.982 83.556 4.306 160.163 50.864 202.11 123.677 42.063 72.696 44.079 162.316 6.031 236.832-3.14 6.148-10.75 8.461-16.728 5.01z\"><\/path>\n              <\/svg>\n  SUBSCRIBE\n            <\/button>\n          <\/div>\n        <\/div>\n        <div style=\"padding: 8px 0;\">\n          <div class=\"g-recaptcha-v3\" data-sitekey=\"6LcmZZYpAAAAAIOToru0s_Io9BrUFXSG7L0Vt2zr\" style=\"display: none\"><\/div>\n        <\/div>\n\n        <input type=\"text\" name=\"email_address_check\" value=\"\" class=\"input--hidden\"\/>\n        <input type=\"hidden\" name=\"locale\" value=\"is\"\/>\n      <\/form>\n    <\/div>\n  <\/div>\n<\/div>\n<!-- END - We recommend to place the above code where you want the form in your website html -->\n\n<!-- START - We recommend to place the below code in footer or bottom of your website html -->\n<script>\n  window.REQUIRED_CODE_ERROR_MESSAGE = 'Elija un c\u00f3digo de pa\u00eds';\n  window.LOCALE = 'es';\n  window.EMAIL_INVALID_MESSAGE = window.SMS_INVALID_MESSAGE = \"La informaci\u00f3n que ha proporcionado no es v\u00e1lida. Compruebe el formato del campo e int\u00e9ntelo de nuevo.\";\n\n  window.REQUIRED_ERROR_MESSAGE = \"Este campo no puede quedarse vac\u00edo. \";\n\n  window.GENERIC_INVALID_MESSAGE = \"La informaci\u00f3n que ha proporcionado no es v\u00e1lida. Compruebe el formato del campo e int\u00e9ntelo de nuevo.\";\n\n\n\n\n  window.translation = {\n    common: {\n      selectedList: '{quantity} lista seleccionada',\n      selectedLists: '{quantity} listas seleccionadas'\n    }\n  };\n\n  var AUTOHIDE = Boolean(0);\n<\/script>\n\n<script defer=\"defer\" src=\"https:\/\/sibforms.com\/forms\/end-form\/build\/main.js\"><\/script>\n\n<script src=\"https:\/\/www.google.com\/recaptcha\/api.js?render=6LcmZZYpAAAAAIOToru0s_Io9BrUFXSG7L0Vt2zr&#038;hl=es\" async=\"\" defer=\"defer\"><\/script>\n\n<!-- END - We recommend to place the above code in footer or bottom of your website html -->\n<!-- End Brevo Form -->\n\n","protected":false},"excerpt":{"rendered":"<p>Are you interested in participating as an exhibitor at Ardor Fest (June 8 and 9, in San Sebastian)? Fill in&hellip;<\/p>\n","protected":false},"author":1,"featured_media":0,"parent":0,"menu_order":0,"comment_status":"closed","ping_status":"closed","template":"","meta":{"_coblocks_attr":"","_coblocks_dimensions":"","_coblocks_responsive_height":"","_coblocks_accordion_ie_support":"","footnotes":""},"class_list":["post-563","page","type-page","status-publish","hentry"],"yoast_head":"<!-- This site is optimized with the Yoast SEO plugin v27.3 - https:\/\/yoast.com\/product\/yoast-seo-wordpress\/ -->\n<title>Exhibitor registration - ArdorFest<\/title>\n<meta name=\"robots\" content=\"index, follow, max-snippet:-1, max-image-preview:large, max-video-preview:-1\" \/>\n<link rel=\"canonical\" href=\"https:\/\/ardorfest.com\/en\/exhibitor-registration\" \/>\n<meta property=\"og:locale\" content=\"en_US\" \/>\n<meta property=\"og:type\" content=\"article\" \/>\n<meta property=\"og:title\" content=\"Exhibitor registration - ArdorFest\" \/>\n<meta property=\"og:description\" content=\"Are you interested in participating as an exhibitor at Ardor Fest (June 8 and 9, in San Sebastian)? Fill in&hellip;\" \/>\n<meta property=\"og:url\" content=\"https:\/\/ardorfest.com\/en\/exhibitor-registration\" \/>\n<meta property=\"og:site_name\" content=\"ArdorFest\" \/>\n<meta property=\"article:modified_time\" content=\"2024-04-30T08:34:42+00:00\" \/>\n<meta name=\"twitter:card\" content=\"summary_large_image\" \/>\n<meta name=\"twitter:label1\" content=\"Est. reading time\" \/>\n\t<meta name=\"twitter:data1\" content=\"1 minute\" \/>\n<script type=\"application\/ld+json\" class=\"yoast-schema-graph\">{\"@context\":\"https:\\\/\\\/schema.org\",\"@graph\":[{\"@type\":\"WebPage\",\"@id\":\"https:\\\/\\\/ardorfest.com\\\/en\\\/exhibitor-registration\",\"url\":\"https:\\\/\\\/ardorfest.com\\\/en\\\/exhibitor-registration\",\"name\":\"Exhibitor registration - ArdorFest\",\"isPartOf\":{\"@id\":\"https:\\\/\\\/ardorfest.com\\\/en\\\/#website\"},\"datePublished\":\"2024-04-08T11:19:14+00:00\",\"dateModified\":\"2024-04-30T08:34:42+00:00\",\"breadcrumb\":{\"@id\":\"https:\\\/\\\/ardorfest.com\\\/en\\\/exhibitor-registration#breadcrumb\"},\"inLanguage\":\"en-US\",\"potentialAction\":[{\"@type\":\"ReadAction\",\"target\":[\"https:\\\/\\\/ardorfest.com\\\/en\\\/exhibitor-registration\"]}]},{\"@type\":\"BreadcrumbList\",\"@id\":\"https:\\\/\\\/ardorfest.com\\\/en\\\/exhibitor-registration#breadcrumb\",\"itemListElement\":[{\"@type\":\"ListItem\",\"position\":1,\"name\":\"Portada\",\"item\":\"https:\\\/\\\/ardorfest.com\\\/en\"},{\"@type\":\"ListItem\",\"position\":2,\"name\":\"Exhibitor registration\"}]},{\"@type\":\"WebSite\",\"@id\":\"https:\\\/\\\/ardorfest.com\\\/en\\\/#website\",\"url\":\"https:\\\/\\\/ardorfest.com\\\/en\\\/\",\"name\":\"ArdorFest\",\"description\":\"By Meraki Gourmet\",\"publisher\":{\"@id\":\"https:\\\/\\\/ardorfest.com\\\/en\\\/#organization\"},\"potentialAction\":[{\"@type\":\"SearchAction\",\"target\":{\"@type\":\"EntryPoint\",\"urlTemplate\":\"https:\\\/\\\/ardorfest.com\\\/en\\\/?s={search_term_string}\"},\"query-input\":{\"@type\":\"PropertyValueSpecification\",\"valueRequired\":true,\"valueName\":\"search_term_string\"}}],\"inLanguage\":\"en-US\"},{\"@type\":\"Organization\",\"@id\":\"https:\\\/\\\/ardorfest.com\\\/en\\\/#organization\",\"name\":\"ArdorFest\",\"url\":\"https:\\\/\\\/ardorfest.com\\\/en\\\/\",\"logo\":{\"@type\":\"ImageObject\",\"inLanguage\":\"en-US\",\"@id\":\"https:\\\/\\\/ardorfest.com\\\/en\\\/#\\\/schema\\\/logo\\\/image\\\/\",\"url\":\"https:\\\/\\\/ardorfest.com\\\/wp-content\\\/uploads\\\/2024\\\/04\\\/ArdorFestxminixmini-1.png\",\"contentUrl\":\"https:\\\/\\\/ardorfest.com\\\/wp-content\\\/uploads\\\/2024\\\/04\\\/ArdorFestxminixmini-1.png\",\"width\":150,\"height\":121,\"caption\":\"ArdorFest\"},\"image\":{\"@id\":\"https:\\\/\\\/ardorfest.com\\\/en\\\/#\\\/schema\\\/logo\\\/image\\\/\"}}]}<\/script>\n<!-- \/ Yoast SEO plugin. -->","yoast_head_json":{"title":"Exhibitor registration - ArdorFest","robots":{"index":"index","follow":"follow","max-snippet":"max-snippet:-1","max-image-preview":"max-image-preview:large","max-video-preview":"max-video-preview:-1"},"canonical":"https:\/\/ardorfest.com\/en\/exhibitor-registration","og_locale":"en_US","og_type":"article","og_title":"Exhibitor registration - ArdorFest","og_description":"Are you interested in participating as an exhibitor at Ardor Fest (June 8 and 9, in San Sebastian)? Fill in&hellip;","og_url":"https:\/\/ardorfest.com\/en\/exhibitor-registration","og_site_name":"ArdorFest","article_modified_time":"2024-04-30T08:34:42+00:00","twitter_card":"summary_large_image","twitter_misc":{"Est. reading time":"1 minute"},"schema":{"@context":"https:\/\/schema.org","@graph":[{"@type":"WebPage","@id":"https:\/\/ardorfest.com\/en\/exhibitor-registration","url":"https:\/\/ardorfest.com\/en\/exhibitor-registration","name":"Exhibitor registration - ArdorFest","isPartOf":{"@id":"https:\/\/ardorfest.com\/en\/#website"},"datePublished":"2024-04-08T11:19:14+00:00","dateModified":"2024-04-30T08:34:42+00:00","breadcrumb":{"@id":"https:\/\/ardorfest.com\/en\/exhibitor-registration#breadcrumb"},"inLanguage":"en-US","potentialAction":[{"@type":"ReadAction","target":["https:\/\/ardorfest.com\/en\/exhibitor-registration"]}]},{"@type":"BreadcrumbList","@id":"https:\/\/ardorfest.com\/en\/exhibitor-registration#breadcrumb","itemListElement":[{"@type":"ListItem","position":1,"name":"Portada","item":"https:\/\/ardorfest.com\/en"},{"@type":"ListItem","position":2,"name":"Exhibitor registration"}]},{"@type":"WebSite","@id":"https:\/\/ardorfest.com\/en\/#website","url":"https:\/\/ardorfest.com\/en\/","name":"ArdorFest","description":"By Meraki Gourmet","publisher":{"@id":"https:\/\/ardorfest.com\/en\/#organization"},"potentialAction":[{"@type":"SearchAction","target":{"@type":"EntryPoint","urlTemplate":"https:\/\/ardorfest.com\/en\/?s={search_term_string}"},"query-input":{"@type":"PropertyValueSpecification","valueRequired":true,"valueName":"search_term_string"}}],"inLanguage":"en-US"},{"@type":"Organization","@id":"https:\/\/ardorfest.com\/en\/#organization","name":"ArdorFest","url":"https:\/\/ardorfest.com\/en\/","logo":{"@type":"ImageObject","inLanguage":"en-US","@id":"https:\/\/ardorfest.com\/en\/#\/schema\/logo\/image\/","url":"https:\/\/ardorfest.com\/wp-content\/uploads\/2024\/04\/ArdorFestxminixmini-1.png","contentUrl":"https:\/\/ardorfest.com\/wp-content\/uploads\/2024\/04\/ArdorFestxminixmini-1.png","width":150,"height":121,"caption":"ArdorFest"},"image":{"@id":"https:\/\/ardorfest.com\/en\/#\/schema\/logo\/image\/"}}]}},"_links":{"self":[{"href":"https:\/\/ardorfest.com\/en\/wp-json\/wp\/v2\/pages\/563","targetHints":{"allow":["GET"]}}],"collection":[{"href":"https:\/\/ardorfest.com\/en\/wp-json\/wp\/v2\/pages"}],"about":[{"href":"https:\/\/ardorfest.com\/en\/wp-json\/wp\/v2\/types\/page"}],"author":[{"embeddable":true,"href":"https:\/\/ardorfest.com\/en\/wp-json\/wp\/v2\/users\/1"}],"replies":[{"embeddable":true,"href":"https:\/\/ardorfest.com\/en\/wp-json\/wp\/v2\/comments?post=563"}],"version-history":[{"count":3,"href":"https:\/\/ardorfest.com\/en\/wp-json\/wp\/v2\/pages\/563\/revisions"}],"predecessor-version":[{"id":572,"href":"https:\/\/ardorfest.com\/en\/wp-json\/wp\/v2\/pages\/563\/revisions\/572"}],"wp:attachment":[{"href":"https:\/\/ardorfest.com\/en\/wp-json\/wp\/v2\/media?parent=563"}],"curies":[{"name":"wp","href":"https:\/\/api.w.org\/{rel}","templated":true}]}}